{"id":17,"date":"2022-10-09T18:59:20","date_gmt":"2022-10-09T16:59:20","guid":{"rendered":"https:\/\/www.namputhaimassage.fr\/?page_id=17"},"modified":"2022-10-15T17:23:38","modified_gmt":"2022-10-15T15:23:38","slug":"tarifs","status":"publish","type":"page","link":"https:\/\/www.namputhaimassage.fr\/?page_id=17","title":{"rendered":"Tarifs"},"content":{"rendered":"\n<div style=\"width: 100%; display: flex; flex-wrap: wrap; justify-content: center;\">\n        <div style=\"width: 262px; height: 438px; box-shadow: 0 10px 16px 0 rgba(0,0,0,0.1),0 6px 20px 0 rgba(0,0,0,0.1); margin: 10px 10px 10px 10px; border-right: 1px solid rgb(234, 231, 228); border-bottom: 1px solid rgb(234, 231, 228); border-top: 1px solid rgb(234, 231, 228); border-left: 1px solid rgb(234, 231, 228);\">\n            <img decoding=\"async\" style=\"width: 100%;\" src=\"\/wp-content\/uploads\/2022\/10\/physiotherapy-567021_640.jpg\" alt=\"Massage du dos aux huiles\" title=\"Massage du dos aux huiles\">\n            <h4 style=\"text-align: center; color: #4b453f; font-weight: 500; margin: 20px 5px 20px 5px;\">Massage tha\u00ef du\n                dos aux huiles<\/h4>\n            <div>\n                <p style=\"width: 100%; text-align: center; margin: 5px 0px 5px 0px;\">\n                    30min &#8211; 35\u20ac\n                <\/p>\n            <\/div>\n        <\/div>\n\n        <div style=\"width: 262px; height: 438px; box-shadow: 0 10px 16px 0 rgba(0,0,0,0.1),0 6px 20px 0 rgba(0,0,0,0.1); margin: 10px 10px 10px 10px; border-right: 1px solid rgb(234, 231, 228); border-bottom: 1px solid rgb(234, 231, 228); border-top: 1px solid rgb(234, 231, 228); border-left: 1px solid rgb(234, 231, 228);\">\n            <img decoding=\"async\" style=\"width: 100%;\" src=\"\/wp-content\/uploads\/2022\/10\/foot-massage-2277450_640.jpg\" alt=\"R\u00e9flexologie plantaire\" title=\"R\u00e9flexologie plantaire\">\n            <h4 style=\"text-align: center; color: #4b453f; font-weight: 500; margin: 20px 5px 20px 5px;\">Massage pieds\n                et jambes<\/h4>\n            <div>\n                <p style=\"width: 100%; text-align: center; margin: 5px 0px 5px 0px;\">\n                    30min &#8211; 35\u20ac\n                <\/p>\n            <\/div>\n        <\/div>\n\n        <div style=\"width: 262px; height: 438px; box-shadow: 0 10px 16px 0 rgba(0,0,0,0.1),0 6px 20px 0 rgba(0,0,0,0.1); margin: 10px 10px 10px 10px; border-right: 1px solid rgb(234, 231, 228); border-bottom: 1px solid rgb(234, 231, 228); border-top: 1px solid rgb(234, 231, 228); border-left: 1px solid rgb(234, 231, 228);\">\n            <img decoding=\"async\" style=\"width: 100%;\" src=\"\/wp-content\/uploads\/2022\/10\/massage-1929064_640.jpg\" alt=\"Massage t\u00eate et nuque\" title=\"Massage t\u00eate et nuque\">\n            <h4 style=\"text-align: center; color: #4b453f; font-weight: 500; margin: 20px 5px 20px 5px;\">Massage t\u00eate et\n                nuque<\/h4>\n            <div>\n                <p style=\"width: 100%; text-align: center; margin: 5px 0px 5px 0px;\">\n                    30min &#8211; 35\u20ac\n                <\/p>\n            <\/div>\n        <\/div>\n\n        <div style=\"width: 262px; height: 438px; box-shadow: 0 10px 16px 0 rgba(0,0,0,0.1),0 6px 20px 0 rgba(0,0,0,0.1); margin: 10px 10px 10px 10px; border-right: 1px solid rgb(234, 231, 228); border-bottom: 1px solid rgb(234, 231, 228); border-top: 1px solid rgb(234, 231, 228); border-left: 1px solid rgb(234, 231, 228);\">\n            <img decoding=\"async\" style=\"width: 100%;\" src=\"\/wp-content\/uploads\/2022\/10\/foot-reflexology-3781174_640\" alt=\"R\u00e9flexologie plantaire\" title=\"R\u00e9flexologie plantaire\">\n            <h4 style=\"text-align: center; color: #4b453f; font-weight: 500; margin: 20px 5px 20px 5px;\">R\u00e9flexologie\n                plantaire tha\u00ef<\/h4>\n            <div>\n                <p style=\"width: 100%; text-align: center; margin: 5px 0px 5px 0px;\">\n                    1h &#8211; 50\u20ac\n                <\/p>\n                <p style=\"width: 100%; text-align: center; margin: 5px 0px 5px 0px;\">\n                    1h30 &#8211; 75\u20ac\n                <\/p>\n            <\/div>\n        <\/div>\n\n        <div style=\"width: 262px; height: 438px; box-shadow: 0 10px 16px 0 rgba(0,0,0,0.1),0 6px 20px 0 rgba(0,0,0,0.1); margin: 10px 10px 10px 10px; border-right: 1px solid rgb(234, 231, 228); border-bottom: 1px solid rgb(234, 231, 228); border-top: 1px solid rgb(234, 231, 228); border-left: 1px solid rgb(234, 231, 228);\">\n            <img decoding=\"async\" style=\"width: 100%;\" src=\"\/wp-content\/uploads\/2022\/10\/wellness-589770_640.jpg\" alt=\"Massage traditionnel\" title=\"Massage traditionnel\">\n            <h4 style=\"text-align: center; color: #4b453f; font-weight: 500; margin: 20px 5px 20px 5px;\">Massage tha\u00ef\n                traditionnel<\/h4>\n            <div>\n                <p style=\"width: 100%; text-align: center; margin: 5px 0px 5px 0px;\">\n                    1h &#8211; 55\u20ac\n                <\/p>\n                <p style=\"width: 100%; text-align: center; margin: 5px 0px 5px 0px;\">\n                    1h30 &#8211; 85\u20ac\n                <\/p>\n                <p style=\"width: 100%; text-align: center; margin: 5px 0px 5px 0px;\">\n                    2h &#8211; 105\u20ac\n                <\/p>\n            <\/div>\n        <\/div>\n\n        <div style=\"width: 262px; height: 438px; box-shadow: 0 10px 16px 0 rgba(0,0,0,0.1),0 6px 20px 0 rgba(0,0,0,0.1); margin: 10px 10px 10px 10px; border-right: 1px solid rgb(234, 231, 228); border-bottom: 1px solid rgb(234, 231, 228); border-top: 1px solid rgb(234, 231, 228); border-left: 1px solid rgb(234, 231, 228);\">\n            <img decoding=\"async\" style=\"width: 100%;\" src=\"\/wp-content\/uploads\/2022\/10\/essential-oil-3868596_640.jpg\" alt=\"Massage aux huiles essentielles\" title=\"Massage aux huiles essentielles\">\n            <h4 style=\"text-align: center; color: #4b453f; font-weight: 500; margin: 20px 5px 20px 5px;\">Massage tha\u00ef\n                aux huiles essentielles<\/h4>\n            <div>\n                <p style=\"width: 100%; text-align: center; margin: 5px 0px 5px 0px;\">\n                    1h &#8211; 60\u20ac\n                <\/p>\n                <p style=\"width: 100%; text-align: center; margin: 5px 0px 5px 0px;\">\n                    1h30 &#8211; 90\u20ac\n                <\/p>\n                <p style=\"width: 100%; text-align: center; margin: 5px 0px 5px 0px;\">\n                    2h &#8211; 110\u20ac\n                <\/p>\n            <\/div>\n        <\/div>\n\n        <div style=\"width: 262px; height: 438px; box-shadow: 0 10px 16px 0 rgba(0,0,0,0.1),0 6px 20px 0 rgba(0,0,0,0.1); margin: 10px 10px 10px 10px; border-right: 1px solid rgb(234, 231, 228); border-bottom: 1px solid rgb(234, 231, 228); border-top: 1px solid rgb(234, 231, 228); border-left: 1px solid rgb(234, 231, 228);\">\n            <img decoding=\"async\" style=\"width: 100%;\" src=\"\/wp-content\/uploads\/2022\/10\/cosmetic-oil-3868594_640.jpg\" alt=\"Massage aux huiles vierges\" title=\"Massage aux huiles vierges\">\n            <h4 style=\"text-align: center; color: #4b453f; font-weight: 500; margin: 20px 5px 20px 5px;\">Massage tha\u00ef\n                aux huiles vierges (enceintes)<\/h4>\n            <div>\n                <p style=\"width: 100%; text-align: center; margin: 5px 0px 5px 0px;\">\n                    1h &#8211; 60\u20ac\n                <\/p>\n                <p style=\"width: 100%; text-align: center; margin: 5px 0px 5px 0px;\">\n                    1h30 &#8211; 90\u20ac\n                <\/p>\n                <p style=\"width: 100%; text-align: center; margin: 5px 0px 5px 0px;\">\n                    2h &#8211; 110\u20ac\n                <\/p>\n            <\/div>\n        <\/div>\n\n        <div style=\"width: 262px; height: 438px; box-shadow: 0 10px 16px 0 rgba(0,0,0,0.1),0 6px 20px 0 rgba(0,0,0,0.1); margin: 10px 10px 10px 10px; border-right: 1px solid rgb(234, 231, 228); border-bottom: 1px solid rgb(234, 231, 228); border-top: 1px solid rgb(234, 231, 228); border-left: 1px solid rgb(234, 231, 228);\">\n            <img decoding=\"async\" style=\"width: 100%;\" src=\"\/wp-content\/uploads\/2022\/10\/essential-oil-3139479_640.jpg\" alt=\"Massage aux huiles essentielles chaudes\" title=\"Massage aux huiles essentielles chaudes\">\n            <h4 style=\"text-align: center; color: #4b453f; font-weight: 500; margin: 20px 5px 20px 5px;\">Massage tha\u00ef\n                aux huiles essentielles chaudes<\/h4>\n            <div>\n                <p style=\"width: 100%; text-align: center; margin: 5px 0px 5px 0px;\">\n                    1h &#8211; 65\u20ac\n                <\/p>\n                <p style=\"width: 100%; text-align: center; margin: 5px 0px 5px 0px;\">\n                    1h30 &#8211; 95\u20ac\n                <\/p>\n                <p style=\"width: 100%; text-align: center; margin: 5px 0px 5px 0px;\">\n                    2h &#8211; 120\u20ac\n                <\/p>\n            <\/div>\n        <\/div>\n\n        <div style=\"width: 262px; height: 438px; box-shadow: 0 10px 16px 0 rgba(0,0,0,0.1),0 6px 20px 0 rgba(0,0,0,0.1); margin: 10px 10px 10px 10px; border-right: 1px solid rgb(234, 231, 228); border-bottom: 1px solid rgb(234, 231, 228); border-top: 1px solid rgb(234, 231, 228); border-left: 1px solid rgb(234, 231, 228);\">\n            <img decoding=\"async\" style=\"width: 100%;\" src=\"\/wp-content\/uploads\/2022\/10\/flower-1884161_640.jpg\" alt=\"Massage \u00e0 la bougie\" title=\"Massage \u00e0 la bougie\">\n            <h4 style=\"text-align: center; color: #4b453f; font-weight: 500; margin: 20px 5px 20px 5px;\">Massage tha\u00ef \u00e0\n                la bougie<\/h4>\n            <div>\n                <p style=\"width: 100%; text-align: center; margin: 5px 0px 5px 0px;\">\n                    1h &#8211; 65\u20ac\n                <\/p>\n                <p style=\"width: 100%; text-align: center; margin: 5px 0px 5px 0px;\">\n                    1h30 &#8211; 95\u20ac\n                <\/p>\n                <p style=\"width: 100%; text-align: center; margin: 5px 0px 5px 0px;\">\n                    2h &#8211; 120\u20ac\n                <\/p>\n            <\/div>\n        <\/div>\n\n        <div style=\"width: 262px; height: 438px; box-shadow: 0 10px 16px 0 rgba(0,0,0,0.1),0 6px 20px 0 rgba(0,0,0,0.1); margin: 10px 10px 10px 10px; border-right: 1px solid rgb(234, 231, 228); border-bottom: 1px solid rgb(234, 231, 228); border-top: 1px solid rgb(234, 231, 228); border-left: 1px solid rgb(234, 231, 228);\">\n            <img decoding=\"async\" style=\"width: 100%;\" src=\"\/wp-content\/uploads\/2022\/10\/hot-stone_640.jpg\" alt=\"Massage aux pierres chaudes\" title=\"Massage aux pierres chaudes\">\n            <h4 style=\"text-align: center; color: #4b453f; font-weight: 500; margin: 20px 5px 20px 5px;\">Massage aux pierres\n                chaudes<\/h4>\n            <div>\n                <p style=\"width: 100%; text-align: center; margin: 5px 0px 5px 0px;\">\n                    1h30 &#8211; 120\u20ac\n                <\/p>\n                <p style=\"width: 100%; text-align: center; margin: 5px 0px 5px 0px;\">\n                    2h &#8211; 150\u20ac\n                <\/p>\n            <\/div>\n        <\/div>\n    <\/div>\n    <div style=\"width: 100%; text-align: center;\">\n        <a href=\"\/?page_id=28\" style=\"background-color: #9cbe9c; \/* Green *\/\n            border: none;\n            color: white;\n            padding: 15px 32px;\n            text-align: center;\n            text-decoration: none;\n            display: inline-block;\n            font-size: 16px;\n            margin: 20px 2px 4px 2px;\n            cursor: pointer;\n            -webkit-transition-duration: 0.4s; \/* Safari *\/\n            transition-duration: 0.4s;\n            border-radius: 50px;\">\n            R\u00e9servez le votre\n        <\/a>\n    <\/div>\n","protected":false},"excerpt":{"rendered":"<p>Massage tha\u00ef du dos aux huiles 30min &#8211; 35\u20ac Massage pieds et jambes 30min &#8211; 35\u20ac Massage t\u00eate et nuque 30min &#8211; 35\u20ac R\u00e9flexologie plantaire tha\u00ef 1h &#8211; 50\u20ac 1h30 &hellip; <\/p>\n","protected":false},"author":1,"featured_media":0,"parent":0,"menu_order":0,"comment_status":"closed","ping_status":"closed","template":"","meta":{"footnotes":""},"class_list":["post-17","page","type-page","status-publish","hentry"],"yoast_head":"<!-- This site is optimized with the Yoast SEO plugin v19.8 - https:\/\/yoast.com\/wordpress\/plugins\/seo\/ -->\n<title>Tarifs - Nampu Tha\u00ef Massage<\/title>\n<meta name=\"description\" content=\"Tarifs - Massage tha\u00ef un, pur moment de bonheur. Salon de massage \u00e0 Maisse dans l&#039;Essonne.\" \/>\n<meta name=\"robots\" content=\"index, follow, max-snippet:-1, max-image-preview:large, max-video-preview:-1\" \/>\n<link rel=\"canonical\" href=\"http:\/\/www.namputhaimassage.fr\/?page_id=17\" \/>\n<meta property=\"og:locale\" content=\"fr_FR\" \/>\n<meta property=\"og:type\" content=\"article\" \/>\n<meta property=\"og:title\" content=\"Tarifs - Nampu Tha\u00ef Massage\" \/>\n<meta property=\"og:description\" content=\"Tarifs - Massage tha\u00ef un, pur moment de bonheur. Salon de massage \u00e0 Maisse dans l&#039;Essonne.\" \/>\n<meta property=\"og:url\" content=\"http:\/\/www.namputhaimassage.fr\/?page_id=17\" \/>\n<meta property=\"og:site_name\" content=\"Nampu Tha\u00ef Massage\" \/>\n<meta property=\"article:publisher\" content=\"https:\/\/www.facebook.com\/namputhaimassage\/\" \/>\n<meta property=\"article:modified_time\" content=\"2022-10-15T15:23:38+00:00\" \/>\n<meta name=\"twitter:card\" content=\"summary_large_image\" \/>\n<meta name=\"twitter:label1\" content=\"Dur\u00e9e de lecture estim\u00e9e\" \/>\n\t<meta name=\"twitter:data1\" content=\"3 minutes\" \/>\n<script type=\"application\/ld+json\" class=\"yoast-schema-graph\">{\"@context\":\"https:\/\/schema.org\",\"@graph\":[{\"@type\":\"WebPage\",\"@id\":\"http:\/\/www.namputhaimassage.fr\/?page_id=17\",\"url\":\"http:\/\/www.namputhaimassage.fr\/?page_id=17\",\"name\":\"Tarifs - Nampu Tha\u00ef Massage\",\"isPartOf\":{\"@id\":\"https:\/\/www.namputhaimassage.fr\/#website\"},\"datePublished\":\"2022-10-09T16:59:20+00:00\",\"dateModified\":\"2022-10-15T15:23:38+00:00\",\"description\":\"Tarifs - Massage tha\u00ef un, pur moment de bonheur. Salon de massage \u00e0 Maisse dans l'Essonne.\",\"breadcrumb\":{\"@id\":\"http:\/\/www.namputhaimassage.fr\/?page_id=17#breadcrumb\"},\"inLanguage\":\"fr-FR\",\"potentialAction\":[{\"@type\":\"ReadAction\",\"target\":[\"http:\/\/www.namputhaimassage.fr\/?page_id=17\"]}]},{\"@type\":\"BreadcrumbList\",\"@id\":\"http:\/\/www.namputhaimassage.fr\/?page_id=17#breadcrumb\",\"itemListElement\":[{\"@type\":\"ListItem\",\"position\":1,\"name\":\"Accueil\",\"item\":\"https:\/\/www.namputhaimassage.fr\/\"},{\"@type\":\"ListItem\",\"position\":2,\"name\":\"Tarifs\"}]},{\"@type\":\"WebSite\",\"@id\":\"https:\/\/www.namputhaimassage.fr\/#website\",\"url\":\"https:\/\/www.namputhaimassage.fr\/\",\"name\":\"Nampu Tha\u00ef Massage\",\"description\":\"\",\"publisher\":{\"@id\":\"https:\/\/www.namputhaimassage.fr\/#organization\"},\"potentialAction\":[{\"@type\":\"SearchAction\",\"target\":{\"@type\":\"EntryPoint\",\"urlTemplate\":\"https:\/\/www.namputhaimassage.fr\/?s={search_term_string}\"},\"query-input\":\"required name=search_term_string\"}],\"inLanguage\":\"fr-FR\"},{\"@type\":\"Organization\",\"@id\":\"https:\/\/www.namputhaimassage.fr\/#organization\",\"name\":\"Nampu Tha\u00ef Massage\",\"url\":\"https:\/\/www.namputhaimassage.fr\/\",\"sameAs\":[\"https:\/\/www.facebook.com\/namputhaimassage\/\"],\"logo\":{\"@type\":\"ImageObject\",\"inLanguage\":\"fr-FR\",\"@id\":\"https:\/\/www.namputhaimassage.fr\/#\/schema\/logo\/image\/\",\"url\":\"http:\/\/www.namputhaimassage.fr\/wp-content\/uploads\/2022\/10\/logo.jpg\",\"contentUrl\":\"http:\/\/www.namputhaimassage.fr\/wp-content\/uploads\/2022\/10\/logo.jpg\",\"width\":720,\"height\":744,\"caption\":\"Nampu Tha\u00ef Massage\"},\"image\":{\"@id\":\"https:\/\/www.namputhaimassage.fr\/#\/schema\/logo\/image\/\"}}]}<\/script>\n<!-- \/ Yoast SEO plugin. -->","yoast_head_json":{"title":"Tarifs - Nampu Tha\u00ef Massage","description":"Tarifs - Massage tha\u00ef un, pur moment de bonheur. Salon de massage \u00e0 Maisse dans l'Essonne.","robots":{"index":"index","follow":"follow","max-snippet":"max-snippet:-1","max-image-preview":"max-image-preview:large","max-video-preview":"max-video-preview:-1"},"canonical":"http:\/\/www.namputhaimassage.fr\/?page_id=17","og_locale":"fr_FR","og_type":"article","og_title":"Tarifs - Nampu Tha\u00ef Massage","og_description":"Tarifs - Massage tha\u00ef un, pur moment de bonheur. Salon de massage \u00e0 Maisse dans l'Essonne.","og_url":"http:\/\/www.namputhaimassage.fr\/?page_id=17","og_site_name":"Nampu Tha\u00ef Massage","article_publisher":"https:\/\/www.facebook.com\/namputhaimassage\/","article_modified_time":"2022-10-15T15:23:38+00:00","twitter_card":"summary_large_image","twitter_misc":{"Dur\u00e9e de lecture estim\u00e9e":"3 minutes"},"schema":{"@context":"https:\/\/schema.org","@graph":[{"@type":"WebPage","@id":"http:\/\/www.namputhaimassage.fr\/?page_id=17","url":"http:\/\/www.namputhaimassage.fr\/?page_id=17","name":"Tarifs - Nampu Tha\u00ef Massage","isPartOf":{"@id":"https:\/\/www.namputhaimassage.fr\/#website"},"datePublished":"2022-10-09T16:59:20+00:00","dateModified":"2022-10-15T15:23:38+00:00","description":"Tarifs - Massage tha\u00ef un, pur moment de bonheur. Salon de massage \u00e0 Maisse dans l'Essonne.","breadcrumb":{"@id":"http:\/\/www.namputhaimassage.fr\/?page_id=17#breadcrumb"},"inLanguage":"fr-FR","potentialAction":[{"@type":"ReadAction","target":["http:\/\/www.namputhaimassage.fr\/?page_id=17"]}]},{"@type":"BreadcrumbList","@id":"http:\/\/www.namputhaimassage.fr\/?page_id=17#breadcrumb","itemListElement":[{"@type":"ListItem","position":1,"name":"Accueil","item":"https:\/\/www.namputhaimassage.fr\/"},{"@type":"ListItem","position":2,"name":"Tarifs"}]},{"@type":"WebSite","@id":"https:\/\/www.namputhaimassage.fr\/#website","url":"https:\/\/www.namputhaimassage.fr\/","name":"Nampu Tha\u00ef Massage","description":"","publisher":{"@id":"https:\/\/www.namputhaimassage.fr\/#organization"},"potentialAction":[{"@type":"SearchAction","target":{"@type":"EntryPoint","urlTemplate":"https:\/\/www.namputhaimassage.fr\/?s={search_term_string}"},"query-input":"required name=search_term_string"}],"inLanguage":"fr-FR"},{"@type":"Organization","@id":"https:\/\/www.namputhaimassage.fr\/#organization","name":"Nampu Tha\u00ef Massage","url":"https:\/\/www.namputhaimassage.fr\/","sameAs":["https:\/\/www.facebook.com\/namputhaimassage\/"],"logo":{"@type":"ImageObject","inLanguage":"fr-FR","@id":"https:\/\/www.namputhaimassage.fr\/#\/schema\/logo\/image\/","url":"http:\/\/www.namputhaimassage.fr\/wp-content\/uploads\/2022\/10\/logo.jpg","contentUrl":"http:\/\/www.namputhaimassage.fr\/wp-content\/uploads\/2022\/10\/logo.jpg","width":720,"height":744,"caption":"Nampu Tha\u00ef Massage"},"image":{"@id":"https:\/\/www.namputhaimassage.fr\/#\/schema\/logo\/image\/"}}]}},"_links":{"self":[{"href":"https:\/\/www.namputhaimassage.fr\/index.php?rest_route=\/wp\/v2\/pages\/17","targetHints":{"allow":["GET"]}}],"collection":[{"href":"https:\/\/www.namputhaimassage.fr\/index.php?rest_route=\/wp\/v2\/pages"}],"about":[{"href":"https:\/\/www.namputhaimassage.fr\/index.php?rest_route=\/wp\/v2\/types\/page"}],"author":[{"embeddable":true,"href":"https:\/\/www.namputhaimassage.fr\/index.php?rest_route=\/wp\/v2\/users\/1"}],"replies":[{"embeddable":true,"href":"https:\/\/www.namputhaimassage.fr\/index.php?rest_route=%2Fwp%2Fv2%2Fcomments&post=17"}],"version-history":[{"count":5,"href":"https:\/\/www.namputhaimassage.fr\/index.php?rest_route=\/wp\/v2\/pages\/17\/revisions"}],"predecessor-version":[{"id":146,"href":"https:\/\/www.namputhaimassage.fr\/index.php?rest_route=\/wp\/v2\/pages\/17\/revisions\/146"}],"wp:attachment":[{"href":"https:\/\/www.namputhaimassage.fr\/index.php?rest_route=%2Fwp%2Fv2%2Fmedia&parent=17"}],"curies":[{"name":"wp","href":"https:\/\/api.w.org\/{rel}","templated":true}]}}